{"id":358,"date":"2018-11-29T07:59:15","date_gmt":"2018-11-29T07:59:15","guid":{"rendered":"https:\/\/insigniathemes.com\/laboratory\/?page_id=358"},"modified":"2025-07-15T20:24:18","modified_gmt":"2025-07-15T18:24:18","slug":"home-2","status":"publish","type":"page","link":"https:\/\/resapac.org\/","title":{"rendered":"Accueil"},"content":{"rendered":"<p>[vc_section][vc_row][vc_column][vc_column_text][rev_slider_vc alias=&#8221;home-2&#8243;][\/vc_column_text][vc_column_text css_animation=&#8221;none&#8221; css=&#8221;.vc_custom_1675822319619{margin-bottom: 20px !important;}&#8221;]<\/p>\n<h3 class=\"text-center\">Nos Actions<span class=\"font-weight-400\"> Phares<\/span><\/h3>\n<p>[\/vc_column_text][\/vc_column][\/vc_row][vc_row][vc_column][vc_row_inner][vc_column_inner width=&#8221;1\/6&#8243;][\/vc_column_inner][vc_column_inner width=&#8221;2\/3&#8243;][vc_column_text css_animation=&#8221;fadeIn&#8221;]<\/p>\n<h5 class=\"text-center\"><strong>Solidarit\u00e9 en est le ma\u00eetre mot.<\/strong><br \/>\nSolidarit\u00e9 entre les ruraux et les urbains pour \u0153uvrer au d\u00e9veloppement de l\u2019alimentation AgroEcologique<\/h5>\n<h5 class=\"text-center\">\u00e0 Bamako et environs\u2026 puis au Mali.<\/h5>\n<p>[\/vc_column_text][vc_column_text css_animation=&#8221;fadeIn&#8221;]<\/p>\n<h5><\/h5>\n<p>[\/vc_column_text][vc_hoverbox image=&#8221;15467&#8243; primary_title=&#8221;ensemble&#8221; hover_title=&#8221;pique nique solidaire&#8221; hover_background_color=&#8221;custom&#8221; hover_btn_title=&#8221;contactez nous !&#8221; hover_btn_color=&#8221;warning&#8221; hover_add_button=&#8221;true&#8221; css=&#8221;.vc_custom_1751043160752{background-color: #2c8e5d !important;}&#8221; hover_custom_background=&#8221;#ffff4c&#8221; hover_btn_link=&#8221;url:https%3A%2F%2Fresapac.org%2F%3Fpage_id%3D14868|title:Contact&#8221;]une belle journ\u00e9e au champ, entre 2 pluies de saison<\/p>\n<p>&#8230; apr\u00e8s un bon repas en partage &#8230;<\/p>\n<p>ensemble, producteurs et consom&#8217;acteurs,<\/p>\n<p>A C T I O N\u00a0 collective<\/p>\n<p>plantation de haies vives<\/p>\n<p>une alternance d&#8217;arbustes,<\/p>\n<p>m\u00e9dicinales, fertilitaires, fruitiers, brise-vent<\/p>\n<p>&#8230;<\/p>\n<p>d&#8217;ici 1 an, les haies seront denses et charg\u00e9es de produits \u00e0 vendre au march\u00e9 RESAPAC<\/p>\n<p>goyave, aromate, kinkiliba, feuille de moringa, de henn\u00e9 etc&#8230;<\/p>\n<p>[\/vc_hoverbox][vc_column_text css_animation=&#8221;fadeIn&#8221;]<\/p>\n<p style=\"text-align: center;\">Communiquer, se rencontrer, apprendre \u00e0 se conna\u00eetre, agir ensemble, pour \u00eatre plus fort dans la p\u00e9rennisation d&#8217;une <strong>s\u00e9curit\u00e9 alimentaire locale et saine<\/strong><\/p>\n<p>[\/vc_column_text][\/vc_column_inner][vc_column_inner width=&#8221;1\/6&#8243;][\/vc_column_inner][\/vc_row_inner][vc_row_inner][vc_column_inner width=&#8221;1\/3&#8243;]<div id='ins-heading-69e9f9ba434cd' class='section-heading ins-heading text-left default    ins-animated fadeIn'  style='margin-top:0; margin-bottom:15px'><h4 class='section-heading-title margin-10px-top  default letter-spacing-1'>Nos march\u00e9s Bio hebdo<\/h4><\/div><script type=\"text\/javascript\">\n\t\t(function(jQuery) {\n\t\t\t\t\t})(jQuery);\n\t\t\t\t\t\t<\/script>[vc_single_image image=&#8221;15460&#8243; img_size=&#8221;large&#8221; add_caption=&#8221;yes&#8221; onclick=&#8221;custom_link&#8221; img_link_target=&#8221;_blank&#8221; link=&#8221;https:\/\/resapac.org\/?page_id=14728&#8243;][vc_column_text css_animation=&#8221;fadeIn&#8221; css=&#8221;.vc_custom_1747402896656{margin-bottom: 20px !important;}&#8221;]Faire \u00e9voluer simultan\u00e9ment la quantit\u00e9 de produits cultiv\u00e9s et \u00e9lev\u00e9s et l\u2019ouverture de nouveaux march\u00e9s.[\/vc_column_text]<div id='ins-button-69e9f9ba43577' class='ins-button-wrapper text-left    ins-animated fadeInUp' data-animation-delay=200><a class='ins-button title-font letter-spacing-1 text-white pc-border pc-bg btn-radius-default font-weight-700 btn-small text-uppercase ' href='http:\/\/resapac.org\/?page_id=14677'  target='_self'><span>En Savoir+<\/span><\/a><\/div><script type=\"text\/javascript\">\n\t\t(function(jQuery) {\n\t\t\t\t\t})(jQuery);\n\t\t\t\t\t\t<\/script>[vc_single_image image=&#8221;15458&#8243; img_size=&#8221;full&#8221; add_caption=&#8221;yes&#8221; onclick=&#8221;custom_link&#8221; img_link_target=&#8221;_blank&#8221; css_animation=&#8221;fadeIn&#8221; link=&#8221;https:\/\/resapac.org\/?page_id=14719&#8243;][\/vc_column_inner][vc_column_inner width=&#8221;1\/3&#8243;]<div id='ins-heading-69e9f9ba435c5' class='section-heading ins-heading text-left default    ins-animated fadeIn'  style='margin-top:0; margin-bottom:15px'><h4 class='section-heading-title margin-10px-top  default letter-spacing-1'>Nos alternatives Bio<\/h4><\/div><script type=\"text\/javascript\">\n\t\t(function(jQuery) {\n\t\t\t\t\t})(jQuery);\n\t\t\t\t\t\t<\/script>[vc_single_image image=&#8221;15509&#8243; img_size=&#8221;large&#8221; add_caption=&#8221;yes&#8221;][vc_column_text css_animation=&#8221;fadeIn&#8221; css=&#8221;.vc_custom_1747403165561{margin-bottom: 20px !important;}&#8221;]Pour mieux soutenir les producteur.trices et transformateur.trices, et leur assurer de meilleures ventes hebdomadaires.[\/vc_column_text]<div id='ins-button-69e9f9ba43618' class='ins-button-wrapper text-left    ins-animated fadeInUp' data-animation-delay=200><a class='ins-button title-font letter-spacing-1 text-white pc-border pc-bg btn-radius-default font-weight-700 btn-small text-uppercase ' href='http:\/\/resapac.org\/?page_id=14760'  target='_self'><span>En Savoir+<\/span><\/a><\/div><script type=\"text\/javascript\">\n\t\t(function(jQuery) {\n\t\t\t\t\t})(jQuery);\n\t\t\t\t\t\t<\/script>[vc_single_image image=&#8221;15464&#8243; img_size=&#8221;full&#8221; add_caption=&#8221;yes&#8221; onclick=&#8221;custom_link&#8221; img_link_target=&#8221;_blank&#8221; css_animation=&#8221;fadeIn&#8221; link=&#8221;https:\/\/resapac.org\/?page_id=14708&#8243;][\/vc_column_inner][vc_column_inner width=&#8221;1\/3&#8243;]<div id='ins-heading-69e9f9ba4365c' class='section-heading ins-heading text-left default    ins-animated fadeIn'  style='margin-top:0; margin-bottom:15px'><h4 class='section-heading-title margin-10px-top  default letter-spacing-1'>Nos rendez-vous Bio<\/h4><\/div><script type=\"text\/javascript\">\n\t\t(function(jQuery) {\n\t\t\t\t\t})(jQuery);\n\t\t\t\t\t\t<\/script>[vc_single_image image=&#8221;15508&#8243; img_size=&#8221;full&#8221; add_caption=&#8221;yes&#8221; css_animation=&#8221;fadeIn&#8221;][vc_column_text css_animation=&#8221;fadeIn&#8221; css=&#8221;.vc_custom_1675820817034{margin-bottom: 20px !important;}&#8221;]Sensibiliser \u00e0 travers nos \u00e9v\u00e9nements annuels, sur le bien manger local agro\u00e9cologique, se faire connaitre par un large public.[\/vc_column_text]<div id='ins-button-69e9f9ba436aa' class='ins-button-wrapper text-left    ins-animated fadeInUp' data-animation-delay=200><a class='ins-button title-font letter-spacing-1 text-white pc-border pc-bg btn-radius-default font-weight-700 btn-small text-uppercase ' href='http:\/\/resapac.org\/?page_id=14777'  target='_self'><span>En Savoir+<\/span><\/a><\/div><script type=\"text\/javascript\">\n\t\t(function(jQuery) {\n\t\t\t\t\t})(jQuery);\n\t\t\t\t\t\t<\/script>[vc_single_image image=&#8221;15465&#8243; img_size=&#8221;full&#8221; add_caption=&#8221;yes&#8221;][\/vc_column_inner][\/vc_row_inner][vc_row_inner css=&#8221;.vc_custom_1679408575416{background-color: #2ca941 !important;}&#8221;][vc_column_inner]<div id='ins-button-69e9f9ba436f6' class='ins-button-wrapper text-center    ' ><a class='ins-button title-font letter-spacing-1 text-white pc-border pc-bg btn-radius-default font-weight-600 btn-large text-uppercase ' href='https:\/\/api.whatsapp.com\/send\/?phone=22366767293&text=Bonjour%2C%0AJe+suis+H%C3%A9l%C3%A8ne+du+Resapac.+Veuillez+me+laisser+un+message+pour+d%C3%A9marrer+votre+inscription.%0AMerci.&type=phone_number&app_absent=0'  target='_self'><span>Rejoignez-nous<\/span><i class='ins-button-icon fas fa-user-plus'><\/i><\/a><\/div><script type=\"text\/javascript\">\n\t\t(function(jQuery) {\n\t\t\t\t\t})(jQuery);\n\t\t\t\t\t\t<\/script>[\/vc_column_inner][\/vc_row_inner][vc_empty_space height=&#8221;50px&#8221;][\/vc_column][\/vc_row][\/vc_section][vc_row full_width=&#8221;stretch_row&#8221; css=&#8221;.vc_custom_1544188097974{background-color: #f7fbfd !important;}&#8221;][vc_column][vc_column_text css_animation=&#8221;fadeIn&#8221; css=&#8221;.vc_custom_1675822335651{margin-bottom: 20px !important;}&#8221;]<\/p>\n<h3 class=\"text-center\">Nos Acteurs<span class=\"font-weight-400\"> Phares<\/span><\/h3>\n<p>[\/vc_column_text][vc_row_inner][vc_column_inner width=&#8221;1\/6&#8243;][\/vc_column_inner][vc_column_inner width=&#8221;2\/3&#8243;][vc_column_text css_animation=&#8221;fadeIn&#8221;]<\/p>\n<p class=\"text-center\">Le R\u00e9seau Solidaire en AgroEcologie Paysanne et Citoyenne (RESAPAC) est un r\u00e9seau de 3 groupes d\u2019acteur.trices\u00a0: <strong>producteur.trices<\/strong>, <strong>transformateur.trices<\/strong> et <strong>consom\u2019acteur.trices<\/strong> \u0153uvrant, \u00e0 Bamako et environs puis au Mali, pour une production et une alimentation respectueuses des travailleurs et travailleuses, de l\u2019environnement et de la sant\u00e9. <a title=\"Nos acteurs phares\" href=\"http:\/\/resapac.org\/?page_id=14783\">Lire la suite &gt;&gt;<\/a><\/p>\n<p>[\/vc_column_text][\/vc_column_inner][vc_column_inner width=&#8221;1\/6&#8243;][\/vc_column_inner][\/vc_row_inner][vc_empty_space height=&#8221;30px&#8221;][vc_row_inner css=&#8221;.vc_custom_1679408575416{background-color: #2ca941 !important;}&#8221;][vc_column_inner]<div id='ins-button-69e9f9ba4373e' class='ins-button-wrapper text-center    ' ><a class='ins-button title-font letter-spacing-1 text-white pc-border pc-bg btn-radius-default font-weight-600 btn-large text-uppercase ' href='https:\/\/resapac.org\/?page_id=14981'  target='_self'><span>Devenir acteur<\/span><i class='ins-button-icon fas fa-user-plus'><\/i><\/a><\/div><script type=\"text\/javascript\">\n\t\t(function(jQuery) {\n\t\t\t\t\t})(jQuery);\n\t\t\t\t\t\t<\/script>[\/vc_column_inner][\/vc_row_inner][vc_empty_space height=&#8221;30px&#8221;][vc_row_inner][vc_column_inner width=&#8221;1\/3&#8243;]<div id='ins-banner69e9f9ba4379d' class='ins-feature-box-wrapper   ins-animated fadeInUp' data-animation-delay=200><div class='ins-feature-box-inner'><div class='ins-feature-box-content-wrap'><div class='ins-feature-box-image' style='background-image: url(https:\/\/resapac.org\/wp-content\/uploads\/2023\/02\/resapac-producteurs.jpg);'><div class='ins-feature-box-content'><h6 class='ins-feature-box-title'>Producteur.trices<\/h6><div class='ins-feature-box-btn-main'><a class='ins-feature-box-btn btn-radius-default title-font pc-bg sc-bg-hover font-weight-700' href='http:\/\/resapac.org\/?page_id=14642' target='_self'>EN SAVOIR +<\/a><\/div><\/div><\/div><\/div><\/div><\/div><script type=\"text\/javascript\">\n\t\t(function(jQuery) {jQuery(\"head\").append(\"<style>#ins-banner69e9f9ba4379d .ins-feature-box-title {font-size: 25px;}#ins-banner69e9f9ba4379d .ins-feature-box-title {line-height:35px;}#ins-banner69e9f9ba4379d .ins-feature-box-btn {color: #ffffff;}<\/style>\")\n\t\t\t\t\t})(jQuery);\n\t\t\t\t\t\t<\/script>[vc_empty_space height=&#8221;24px&#8221;][\/vc_column_inner][vc_column_inner width=&#8221;1\/3&#8243;]<div id='ins-banner69e9f9ba43e08' class='ins-feature-box-wrapper   ins-animated fadeInUp' data-animation-delay=400><div class='ins-feature-box-inner'><div class='ins-feature-box-content-wrap'><div class='ins-feature-box-image' style='background-image: url(https:\/\/resapac.org\/wp-content\/uploads\/2023\/02\/resapac-tran-sformateurs.jpg);'><div class='ins-feature-box-content'><h6 class='ins-feature-box-title'>Transformateur.trices<\/h6><div class='ins-feature-box-btn-main'><a class='ins-feature-box-btn btn-radius-default title-font pc-bg sc-bg-hover font-weight-500' href='http:\/\/resapac.org\/?page_id=14648' target='_self'>EN SAVOIR +<\/a><\/div><\/div><\/div><\/div><\/div><\/div><script type=\"text\/javascript\">\n\t\t(function(jQuery) {jQuery(\"head\").append(\"<style>#ins-banner69e9f9ba43e08 .ins-feature-box-title {font-size: 25px;}#ins-banner69e9f9ba43e08 .ins-feature-box-title {line-height:35px;}#ins-banner69e9f9ba43e08 .ins-feature-box-btn {color: #ffffff;}<\/style>\")\n\t\t\t\t\t})(jQuery);\n\t\t\t\t\t\t<\/script>[vc_empty_space height=&#8221;20px&#8221;][\/vc_column_inner][vc_column_inner width=&#8221;1\/3&#8243;]<div id='ins-banner69e9f9ba44293' class='ins-feature-box-wrapper   ins-animated fadeInUp' data-animation-delay=600><div class='ins-feature-box-inner'><div class='ins-feature-box-content-wrap'><div class='ins-feature-box-image' style='background-image: url(https:\/\/resapac.org\/wp-content\/uploads\/2025\/05\/IMG-20221127-WA0078.jpg);'><div class='ins-feature-box-content'><h6 class='ins-feature-box-title'>Consomm'acteur.trices<\/h6><div class='ins-feature-box-btn-main'><a class='ins-feature-box-btn btn-radius-default title-font pc-bg sc-bg-hover font-weight-500' href='http:\/\/resapac.org\/?page_id=14651' target='_self'>EN SAVOIR +<\/a><\/div><\/div><\/div><\/div><\/div><\/div><script type=\"text\/javascript\">\n\t\t(function(jQuery) {jQuery(\"head\").append(\"<style>#ins-banner69e9f9ba44293 .ins-feature-box-title {font-size: 25px;}#ins-banner69e9f9ba44293 .ins-feature-box-title {line-height:30px;}#ins-banner69e9f9ba44293 .ins-feature-box-btn {color: #ffffff;}<\/style>\")\n\t\t\t\t\t})(jQuery);\n\t\t\t\t\t\t<\/script>[vc_empty_space height=&#8221;20px&#8221;][\/vc_column_inner][\/vc_row_inner][vc_empty_space height=&#8221;50px&#8221;][\/vc_column][\/vc_row][vc_row full_width=&#8221;stretch_row&#8221; css=&#8221;.vc_custom_1545291552858{background-color: #f3fbff !important;}&#8221;][vc_column][vc_row_inner][vc_column_inner width=&#8221;1\/6&#8243;][\/vc_column_inner][vc_column_inner width=&#8221;2\/3&#8243;][vc_column_text css_animation=&#8221;fadeIn&#8221; css=&#8221;.vc_custom_1675822747628{margin-bottom: 20px !important;}&#8221;]<\/p>\n<h3 class=\"text-center\">Ce qu&#8217;on <span class=\"font-weight-400\">en dit<\/span><\/h3>\n<p>[\/vc_column_text][vc_column_text css_animation=&#8221;fadeIn&#8221;]<\/p>\n<p class=\"text-center\">Ils parlent de nous dans la presse et dans les m\u00e9dias&#8230;<\/p>\n<p>[\/vc_column_text][vc_empty_space height=&#8221;20px&#8221;][\/vc_column_inner][vc_column_inner width=&#8221;1\/6&#8243;][\/vc_column_inner][\/vc_row_inner][vc_row_inner][vc_column_inner width=&#8221;1\/3&#8243;]<div id='ins-banner69e9f9ba4499c' class='ins-feature-box-wrapper   ins-animated fadeInUp' data-animation-delay=200><div class='ins-feature-box-inner'><div class='ins-feature-box-content-wrap'><div class='ins-feature-box-image' style='background-image: url(https:\/\/resapac.org\/wp-content\/uploads\/2023\/03\/icon_news.jpg);'><div class='ins-feature-box-content'><h6 class='ins-feature-box-title'>Revue de presse<\/h6><div class='ins-feature-box-btn-main'><a class='ins-feature-box-btn btn-radius-default title-font pc-bg sc-bg-hover font-weight-700' href='http:\/\/resapac.org\/?page_id=14952' target='_self'>EN SAVOIR +<\/a><\/div><\/div><\/div><\/div><\/div><\/div><script type=\"text\/javascript\">\n\t\t(function(jQuery) {jQuery(\"head\").append(\"<style>#ins-banner69e9f9ba4499c .ins-feature-box-title {font-size: 25px;}#ins-banner69e9f9ba4499c .ins-feature-box-title {line-height:35px;}#ins-banner69e9f9ba4499c .ins-feature-box-btn {color: #ffffff;}<\/style>\")\n\t\t\t\t\t})(jQuery);\n\t\t\t\t\t\t<\/script>[vc_empty_space height=&#8221;25px&#8221;][\/vc_column_inner][vc_column_inner width=&#8221;1\/3&#8243;]<div id='ins-banner69e9f9ba44f6a' class='ins-feature-box-wrapper   ins-animated fadeInUp' data-animation-delay=200><div class='ins-feature-box-inner'><div class='ins-feature-box-content-wrap'><div class='ins-feature-box-image' style='background-image: url(https:\/\/resapac.org\/wp-content\/uploads\/2023\/03\/icon_commentaires.jpg);'><div class='ins-feature-box-content'><h6 class='ins-feature-box-title'>Commentaires<\/h6><div class='ins-feature-box-btn-main'><a class='ins-feature-box-btn btn-radius-default title-font pc-bg sc-bg-hover font-weight-700' href='http:\/\/resapac.org\/?p=14805' target='_self'>EN SAVOIR +<\/a><\/div><\/div><\/div><\/div><\/div><\/div><script type=\"text\/javascript\">\n\t\t(function(jQuery) {jQuery(\"head\").append(\"<style>#ins-banner69e9f9ba44f6a .ins-feature-box-title {font-size: 25px;}#ins-banner69e9f9ba44f6a .ins-feature-box-title {line-height:35px;}#ins-banner69e9f9ba44f6a .ins-feature-box-btn {color: #ffffff;}<\/style>\")\n\t\t\t\t\t})(jQuery);\n\t\t\t\t\t\t<\/script>[vc_empty_space height=&#8221;25px&#8221;][\/vc_column_inner][vc_column_inner width=&#8221;1\/3&#8243;]<div id='ins-banner69e9f9ba4545d' class='ins-feature-box-wrapper   ins-animated fadeInUp' data-animation-delay=200><div class='ins-feature-box-inner'><div class='ins-feature-box-content-wrap'><div class='ins-feature-box-image' style='background-image: url(https:\/\/resapac.org\/wp-content\/uploads\/2023\/03\/icon_video.jpg);'><div class='ins-feature-box-content'><h6 class='ins-feature-box-title'>vid\u00e9os infos<\/h6><div class='ins-feature-box-btn-main'><a class='ins-feature-box-btn btn-radius-default title-font pc-bg sc-bg-hover font-weight-700' href='http:\/\/resapac.org\/?page_id=14826' target='_self'>EN SAVOIR +<\/a><\/div><\/div><\/div><\/div><\/div><\/div><script type=\"text\/javascript\">\n\t\t(function(jQuery) {jQuery(\"head\").append(\"<style>#ins-banner69e9f9ba4545d .ins-feature-box-title {font-size: 25px;}#ins-banner69e9f9ba4545d .ins-feature-box-title {line-height:35px;}#ins-banner69e9f9ba4545d .ins-feature-box-btn {color: #ffffff;}<\/style>\")\n\t\t\t\t\t})(jQuery);\n\t\t\t\t\t\t<\/script>[vc_empty_space height=&#8221;25px&#8221;][\/vc_column_inner][\/vc_row_inner][vc_empty_space height=&#8221;50px&#8221;][vc_row_inner css=&#8221;.vc_custom_1679408575416{background-color: #2ca941 !important;}&#8221;][vc_column_inner]<div id='ins-button-69e9f9ba459a5' class='ins-button-wrapper text-center    ' ><a class='ins-button title-font letter-spacing-1 text-white pc-border pc-bg btn-radius-default font-weight-600 btn-large text-uppercase ' href='http:\/\/resapac.org\/?p=14805'  target='_self'><span>Laisser un commentaire<\/span><i class='ins-button-icon fas fa-user-plus'><\/i><\/a><\/div><script type=\"text\/javascript\">\n\t\t(function(jQuery) {\n\t\t\t\t\t})(jQuery);\n\t\t\t\t\t\t<\/script>[\/vc_column_inner][\/vc_row_inner][vc_empty_space height=&#8221;50px&#8221;][vc_column_text css_animation=&#8221;fadeIn&#8221; css=&#8221;.vc_custom_1680282884689{margin-bottom: 20px !important;}&#8221;]<\/p>\n<h3 class=\"text-center\">Avec <span class=\"font-weight-400\">l&#8217;appui de<\/span><\/h3>\n<p>[\/vc_column_text][vc_row_inner css=&#8221;.vc_custom_1679918976838{background-color: #ffffff !important;}&#8221;][vc_column_inner width=&#8221;1\/4&#8243;][vc_single_image image=&#8221;15258&#8243; img_size=&#8221;full&#8221; onclick=&#8221;custom_link&#8221; img_link_target=&#8221;_blank&#8221; link=&#8221;https:\/\/tereo.ch\/&#8221;][\/vc_column_inner][vc_column_inner width=&#8221;1\/4&#8243;][vc_single_image image=&#8221;15266&#8243; img_size=&#8221;medium&#8221; onclick=&#8221;custom_link&#8221; img_link_target=&#8221;_blank&#8221;][\/vc_column_inner][vc_column_inner width=&#8221;1\/4&#8243;][vc_single_image image=&#8221;15040&#8243; img_size=&#8221;full&#8221; onclick=&#8221;custom_link&#8221; img_link_target=&#8221;_blank&#8221; link=&#8221;https:\/\/fgc.federeso.ch\/&#8221;][\/vc_column_inner][vc_column_inner width=&#8221;1\/4&#8243;][\/vc_column_inner][\/vc_row_inner][vc_empty_space height=&#8221;50px&#8221;][\/vc_column][\/vc_row]<\/p>\n","protected":false},"excerpt":{"rendered":"<p>[vc_section][vc_row][vc_column][vc_column_text][rev_slider_vc alias=&#8221;home-2&#8243;][\/vc_column_text][vc_column_text css_animation=&#8221;none&#8221; css=&#8221;.vc_custom_1675822319619{margin-bottom: 20px !important;}&#8221;] Nos Actions Phares [\/vc_column_text][\/vc_column][\/vc_row][vc_row][vc_column][vc_row_inner][vc_column_inner width=&#8221;1\/6&#8243;][\/vc_column_inner][vc_column_inner width=&#8221;2\/3&#8243;][vc_column_text css_animation=&#8221;fadeIn&#8221;] Solidarit\u00e9 en est le ma\u00eetre mot. Solidarit\u00e9 entre les ruraux et les urbains pour \u0153uvrer au d\u00e9veloppement [&hellip;]<\/p>\n","protected":false},"author":1,"featured_media":0,"parent":0,"menu_order":0,"comment_status":"closed","ping_status":"closed","template":"","meta":{"footnotes":""},"class_list":["post-358","page","type-page","status-publish","hentry"],"_links":{"self":[{"href":"https:\/\/resapac.org\/index.php?rest_route=\/wp\/v2\/pages\/358","targetHints":{"allow":["GET"]}}],"collection":[{"href":"https:\/\/resapac.org\/index.php?rest_route=\/wp\/v2\/pages"}],"about":[{"href":"https:\/\/resapac.org\/index.php?rest_route=\/wp\/v2\/types\/page"}],"author":[{"embeddable":true,"href":"https:\/\/resapac.org\/index.php?rest_route=\/wp\/v2\/users\/1"}],"replies":[{"embeddable":true,"href":"https:\/\/resapac.org\/index.php?rest_route=%2Fwp%2Fv2%2Fcomments&post=358"}],"version-history":[{"count":130,"href":"https:\/\/resapac.org\/index.php?rest_route=\/wp\/v2\/pages\/358\/revisions"}],"predecessor-version":[{"id":15600,"href":"https:\/\/resapac.org\/index.php?rest_route=\/wp\/v2\/pages\/358\/revisions\/15600"}],"wp:attachment":[{"href":"https:\/\/resapac.org\/index.php?rest_route=%2Fwp%2Fv2%2Fmedia&parent=358"}],"curies":[{"name":"wp","href":"https:\/\/api.w.org\/{rel}","templated":true}]}}