{"id":14960,"date":"2023-03-10T15:02:51","date_gmt":"2023-03-10T14:02:51","guid":{"rendered":"http:\/\/resapac.org\/?page_id=14960"},"modified":"2025-07-15T20:27:16","modified_gmt":"2025-07-15T18:27:16","slug":"actualites","status":"publish","type":"page","link":"https:\/\/resapac.org\/?page_id=14960","title":{"rendered":"Actualit\u00e9s"},"content":{"rendered":"<p>[vc_row][vc_column][vc_masonry_grid post_type=&#8221;post&#8221; max_items=&#8221;10&#8243; style=&#8221;load-more&#8221; btn_title=&#8221;Plus de revues&#8221; btn_shape=&#8221;square&#8221; btn_color=&#8221;green&#8221; grid_id=&#8221;vc_gid:1752603932438-4fba8079-db4b-9&#8243; taxonomies=&#8221;47&#8243;][vc_column_text]<\/p>\n<h4><strong>&gt;<\/strong> D\u00e9cembre 2024.<\/h4>\n<h5>march\u00e9 EVENEMENT : au coeur de Daoudabougou, dans la cour de l&#8217;association DjiguiyaBon et en partenariat avec les jeunes filles \u00e9tudiantes de cette maison d&#8217;accueil.<\/h5>\n<h5>Rencontre entre elles et l&#8217;\u00e9quipe RESAPAC pour cr\u00e9er un march\u00e9 Bio hebdo Daoudabougou.<\/h5>\n<p>[\/vc_column_text][vc_single_image image=&#8221;15343&#8243; img_size=&#8221;medium&#8221;][\/vc_column][\/vc_row][vc_row][vc_column][vc_column_text]<\/p>\n<h4>&gt; Novembre 2024.<\/h4>\n<h5>Suite \u00e0 l&#8217;AG annuelle,<\/h5>\n<h5>organisation d&#8217;un nouveau Conseil d&#8217;Administration RESAPAC pour 2 ans.<\/h5>\n<p>[\/vc_column_text][vc_single_image image=&#8221;15473&#8243; img_size=&#8221;medium&#8221;][\/vc_column][\/vc_row][vc_row][vc_column][vc_column_text]<\/p>\n<h4>&gt; pique nique SOLIDAIRE :<\/h4>\n<h4>une fa\u00e7on d\u00e9tendue de rassembler producteurs, transformateurs et consommateurs<\/h4>\n<p>[\/vc_column_text][vc_single_image image=&#8221;15480&#8243; img_size=&#8221;medium&#8221;][vc_column_text]<\/p>\n<h5>2023.\u00a0 D\u00e9couvrir les r\u00e9sultats de recherche de l&#8217;IER<\/h5>\n<p>[\/vc_column_text][vc_single_image image=&#8221;15481&#8243; img_size=&#8221;medium&#8221;][vc_column_text]<\/p>\n<h5>2024. D\u00e9couvrir les haies vives plant\u00e9es ensemble en 2023<\/h5>\n<p>[\/vc_column_text][\/vc_column][\/vc_row]<\/p>\n","protected":false},"excerpt":{"rendered":"<p>[vc_row][vc_column][vc_masonry_grid post_type=&#8221;post&#8221; max_items=&#8221;10&#8243; style=&#8221;load-more&#8221; btn_title=&#8221;Plus de revues&#8221; btn_shape=&#8221;square&#8221; btn_color=&#8221;green&#8221; grid_id=&#8221;vc_gid:1752603932438-4fba8079-db4b-9&#8243; taxonomies=&#8221;47&#8243;][vc_column_text] &gt; D\u00e9cembre 2024. march\u00e9 EVENEMENT : au coeur de Daoudabougou, dans la cour de l&#8217;association DjiguiyaBon et en partenariat [&hellip;]<\/p>\n","protected":false},"author":1,"featured_media":0,"parent":0,"menu_order":0,"comment_status":"closed","ping_status":"closed","template":"","meta":{"footnotes":""},"class_list":["post-14960","page","type-page","status-publish","hentry"],"_links":{"self":[{"href":"https:\/\/resapac.org\/index.php?rest_route=\/wp\/v2\/pages\/14960","targetHints":{"allow":["GET"]}}],"collection":[{"href":"https:\/\/resapac.org\/index.php?rest_route=\/wp\/v2\/pages"}],"about":[{"href":"https:\/\/resapac.org\/index.php?rest_route=\/wp\/v2\/types\/page"}],"author":[{"embeddable":true,"href":"https:\/\/resapac.org\/index.php?rest_route=\/wp\/v2\/users\/1"}],"replies":[{"embeddable":true,"href":"https:\/\/resapac.org\/index.php?rest_route=%2Fwp%2Fv2%2Fcomments&post=14960"}],"version-history":[{"count":10,"href":"https:\/\/resapac.org\/index.php?rest_route=\/wp\/v2\/pages\/14960\/revisions"}],"predecessor-version":[{"id":15397,"href":"https:\/\/resapac.org\/index.php?rest_route=\/wp\/v2\/pages\/14960\/revisions\/15397"}],"wp:attachment":[{"href":"https:\/\/resapac.org\/index.php?rest_route=%2Fwp%2Fv2%2Fmedia&parent=14960"}],"curies":[{"name":"wp","href":"https:\/\/api.w.org\/{rel}","templated":true}]}}