{"id":14826,"date":"2023-02-15T20:21:03","date_gmt":"2023-02-15T19:21:03","guid":{"rendered":"http:\/\/resapac.org\/?page_id=14826"},"modified":"2025-06-30T20:53:28","modified_gmt":"2025-06-30T18:53:28","slug":"campagnes","status":"publish","type":"page","link":"https:\/\/resapac.org\/?page_id=14826","title":{"rendered":"Vid\u00e9os RESAPAC diffus\u00e9es aupr\u00e8s de nos acteurs RESAPAC et le grand public"},"content":{"rendered":"<p>[vc_row][vc_column][vc_column_text]<\/p>\n<h3>rencontre r\u00e9gionale 2024 : semences paysannes<\/h3>\n<p>[\/vc_column_text][vc_column_text]<\/p>\n<div style=\"width: 960px;\" class=\"wp-video\"><video class=\"wp-video-shortcode\" id=\"video-14826-1\" width=\"960\" height=\"720\" preload=\"metadata\" controls=\"controls\"><source type=\"video\/mp4\" src=\"http:\/\/resapac.org\/wp-content\/uploads\/2025\/05\/VID-20250221-WA0065.mp4?_=1\" \/><a href=\"http:\/\/resapac.org\/wp-content\/uploads\/2025\/05\/VID-20250221-WA0065.mp4\">http:\/\/resapac.org\/wp-content\/uploads\/2025\/05\/VID-20250221-WA0065.mp4<\/a><\/video><\/div>\n<p>[\/vc_column_text][vc_empty_space height=&#8221;25px&#8221;][\/vc_column][\/vc_row][vc_row][vc_column][vc_column_text]<\/p>\n<h3>AgroMETEO avril 2024 : atelier pluviom\u00e9trie des producteurs<\/h3>\n<p>[\/vc_column_text][vc_column_text]<\/p>\n<div style=\"width: 640px;\" class=\"wp-video\"><video class=\"wp-video-shortcode\" id=\"video-14826-2\" width=\"640\" height=\"368\" preload=\"metadata\" controls=\"controls\"><source type=\"video\/mp4\" src=\"http:\/\/resapac.org\/wp-content\/uploads\/2025\/05\/VID-20240731-WA0016.mp4?_=2\" \/><a href=\"http:\/\/resapac.org\/wp-content\/uploads\/2025\/05\/VID-20240731-WA0016.mp4\">http:\/\/resapac.org\/wp-content\/uploads\/2025\/05\/VID-20240731-WA0016.mp4<\/a><\/video><\/div>\n<p>[\/vc_column_text][vc_empty_space height=&#8221;25px&#8221;][\/vc_column][\/vc_row][vc_row][vc_column][vc_column_text]<\/p>\n<h3>2022 la 1\u00e8re : BREVES<\/h3>\n<p>[\/vc_column_text][vc_column_text]<div class=\"epyt-video-wrapper\"><iframe loading=\"lazy\"  id=\"_ytid_74389\"  width=\"1170\" height=\"658\"  data-origwidth=\"1170\" data-origheight=\"658\"  data-relstop=\"1\" src=\"https:\/\/www.youtube.com\/embed\/?enablejsapi=1&listType=playlist&list=PLQJ4cEF_xI53rePJV44K-FM37aMnD2TFG&autoplay=0&cc_load_policy=0&cc_lang_pref=&iv_load_policy=1&loop=0&rel=0&fs=1&playsinline=0&autohide=2&theme=dark&color=red&controls=1&disablekb=0&\" class=\"__youtube_prefs__  no-lazyload\" title=\"YouTube player\"  allow=\"fullscreen; accelerometer; autoplay; clipboard-write; encrypted-media; gyroscope; picture-in-picture; web-share\" referrerpolicy=\"strict-origin-when-cross-origin\" allowfullscreen data-no-lazy=\"1\" data-skipgform_ajax_framebjll=\"\"><\/iframe><\/div>[\/vc_column_text][vc_empty_space height=&#8221;25px&#8221;][\/vc_column][\/vc_row][vc_row][vc_column][vc_column_text]<\/p>\n<h3>2022 la 1\u00e8re : FLASH<\/h3>\n<p>[\/vc_column_text][vc_column_text]<div class=\"epyt-video-wrapper\"><iframe loading=\"lazy\"  id=\"_ytid_47548\"  width=\"1170\" height=\"658\"  data-origwidth=\"1170\" data-origheight=\"658\"  data-relstop=\"1\" src=\"https:\/\/www.youtube.com\/embed\/?enablejsapi=1&listType=playlist&list=PLQJ4cEF_xI51sjxaYpSXMtAj3NPTtSCy0&autoplay=0&cc_load_policy=0&cc_lang_pref=&iv_load_policy=1&loop=0&rel=0&fs=1&playsinline=0&autohide=2&theme=dark&color=red&controls=1&disablekb=0&\" class=\"__youtube_prefs__  no-lazyload\" title=\"YouTube player\"  allow=\"fullscreen; accelerometer; autoplay; clipboard-write; encrypted-media; gyroscope; picture-in-picture; web-share\" referrerpolicy=\"strict-origin-when-cross-origin\" allowfullscreen data-no-lazy=\"1\" data-skipgform_ajax_framebjll=\"\"><\/iframe><\/div>[\/vc_column_text][vc_empty_space height=&#8221;25px&#8221;][\/vc_column][\/vc_row]<\/p>\n","protected":false},"excerpt":{"rendered":"<p>[vc_row][vc_column][vc_column_text] rencontre r\u00e9gionale 2024 : semences paysannes [\/vc_column_text][vc_column_text] [\/vc_column_text][vc_empty_space height=&#8221;25px&#8221;][\/vc_column][\/vc_row][vc_row][vc_column][vc_column_text] AgroMETEO avril 2024 : atelier pluviom\u00e9trie des producteurs [\/vc_column_text][vc_column_text] [\/vc_column_text][vc_empty_space height=&#8221;25px&#8221;][\/vc_column][\/vc_row][vc_row][vc_column][vc_column_text] 2022 la 1\u00e8re : BREVES [\/vc_column_text][vc_column_text][\/vc_column_text][vc_empty_space height=&#8221;25px&#8221;][\/vc_column][\/vc_row][vc_row][vc_column][vc_column_text] 2022 la [&hellip;]<\/p>\n","protected":false},"author":1,"featured_media":0,"parent":0,"menu_order":0,"comment_status":"closed","ping_status":"closed","template":"","meta":{"footnotes":""},"class_list":["post-14826","page","type-page","status-publish","hentry"],"_links":{"self":[{"href":"https:\/\/resapac.org\/index.php?rest_route=\/wp\/v2\/pages\/14826","targetHints":{"allow":["GET"]}}],"collection":[{"href":"https:\/\/resapac.org\/index.php?rest_route=\/wp\/v2\/pages"}],"about":[{"href":"https:\/\/resapac.org\/index.php?rest_route=\/wp\/v2\/types\/page"}],"author":[{"embeddable":true,"href":"https:\/\/resapac.org\/index.php?rest_route=\/wp\/v2\/users\/1"}],"replies":[{"embeddable":true,"href":"https:\/\/resapac.org\/index.php?rest_route=%2Fwp%2Fv2%2Fcomments&post=14826"}],"version-history":[{"count":9,"href":"https:\/\/resapac.org\/index.php?rest_route=\/wp\/v2\/pages\/14826\/revisions"}],"predecessor-version":[{"id":15517,"href":"https:\/\/resapac.org\/index.php?rest_route=\/wp\/v2\/pages\/14826\/revisions\/15517"}],"wp:attachment":[{"href":"https:\/\/resapac.org\/index.php?rest_route=%2Fwp%2Fv2%2Fmedia&parent=14826"}],"curies":[{"name":"wp","href":"https:\/\/api.w.org\/{rel}","templated":true}]}}