{"id":14791,"date":"2023-02-15T18:49:53","date_gmt":"2023-02-15T17:49:53","guid":{"rendered":"http:\/\/resapac.org\/?page_id=14791"},"modified":"2025-07-01T19:41:49","modified_gmt":"2025-07-01T17:41:49","slug":"nos-valeurs","status":"publish","type":"page","link":"https:\/\/resapac.org\/?page_id=14791","title":{"rendered":"Nos valeurs"},"content":{"rendered":"<p>[vc_row][vc_column][vc_column_text]<\/p>\n<h2>Les <strong>10 bonnes raisons<\/strong> de devenir membre RESAPAC<\/h2>\n<p>[\/vc_column_text][vc_column_text]<\/p>\n<ol>\n<li>Soutenir et contribuer aux actions en faveur d\u2019une agro \u00e9cologie paysanne et citoyenne au Mali<\/li>\n<li>D\u00e9velopper au Mali une \u00e9conomie bas\u00e9e sur l\u2019AgroEcologie<\/li>\n<li>Participer \u00e0 un large r\u00e9seau unique entre producteur, transformateur et consom\u2019acteur<\/li>\n<li>Avoir acc\u00e8s au r\u00e9seau et aux \u00e9changes RESAPAC et ainsi comprendre l\u2019int\u00e9r\u00eat de l\u2019AgroEcologie paysanne<\/li>\n<li>Pouvoir m\u2019informer en direct aupr\u00e8s des productrices et transformatrices et communiquer avec eux<\/li>\n<li>Avoir une information claire et transparente sur la tra\u00e7abilit\u00e9 des produits soutenus par RESAPAC<\/li>\n<li>Avoir la garantie d\u2019une production et d\u2019une transformation de produits de qualit\u00e9 \u00e0 des prix justes<\/li>\n<li>Eviter les interm\u00e9diaires entre producteur, transformateur et consom\u2019acteur\u00a0: <strong>vente direct gr\u00e2ce au r\u00e9seau<\/strong><\/li>\n<li>Acheter des produits de qualit\u00e9, proche de mon lieu d\u2019habitation ou de travail<\/li>\n<li>Rencontrer lors d\u2019\u00e9v\u00e8nements RESAPAC les productrices, transformatrices et consoma\u2019ctrices comme moi.<\/li>\n<\/ol>\n<p>[\/vc_column_text][vc_single_image image=&#8221;15381&#8243; img_size=&#8221;large&#8221;][\/vc_column][\/vc_row][vc_row][vc_column][vc_column_text]<\/p>\n<h3 style=\"text-align: center;\">Et pour rassembler tous les acteurs de la chaine alimentaire<\/h3>\n<h3 style=\"text-align: center;\">sous une m\u00eame exigence<\/h3>\n<p>[\/vc_column_text]<div id='ins-button-69e59700a2521' class='ins-button-wrapper text-center    ' ><a class='ins-button title-font letter-spacing-1 text-white pc-border pc-bg btn-radius-default font-weight-700 btn-medium text-uppercase ' href='http:\/\/resapac.org\/wordpress\/?page_id=14797'  target='_self'><span>notre charte<\/span><\/a><\/div><script type=\"text\/javascript\">\n\t\t(function(jQuery) {\n\t\t\t\t\t})(jQuery);\n\t\t\t\t\t\t<\/script>[vc_empty_space][\/vc_column][\/vc_row]<\/p>\n","protected":false},"excerpt":{"rendered":"<p>[vc_row][vc_column][vc_column_text] Les 10 bonnes raisons de devenir membre RESAPAC [\/vc_column_text][vc_column_text] Soutenir et contribuer aux actions en faveur d\u2019une agro \u00e9cologie paysanne et citoyenne au Mali D\u00e9velopper au Mali une \u00e9conomie [&hellip;]<\/p>\n","protected":false},"author":1,"featured_media":0,"parent":0,"menu_order":0,"comment_status":"closed","ping_status":"open","template":"","meta":{"footnotes":""},"class_list":["post-14791","page","type-page","status-publish","hentry"],"_links":{"self":[{"href":"https:\/\/resapac.org\/index.php?rest_route=\/wp\/v2\/pages\/14791","targetHints":{"allow":["GET"]}}],"collection":[{"href":"https:\/\/resapac.org\/index.php?rest_route=\/wp\/v2\/pages"}],"about":[{"href":"https:\/\/resapac.org\/index.php?rest_route=\/wp\/v2\/types\/page"}],"author":[{"embeddable":true,"href":"https:\/\/resapac.org\/index.php?rest_route=\/wp\/v2\/users\/1"}],"replies":[{"embeddable":true,"href":"https:\/\/resapac.org\/index.php?rest_route=%2Fwp%2Fv2%2Fcomments&post=14791"}],"version-history":[{"count":9,"href":"https:\/\/resapac.org\/index.php?rest_route=\/wp\/v2\/pages\/14791\/revisions"}],"predecessor-version":[{"id":15541,"href":"https:\/\/resapac.org\/index.php?rest_route=\/wp\/v2\/pages\/14791\/revisions\/15541"}],"wp:attachment":[{"href":"https:\/\/resapac.org\/index.php?rest_route=%2Fwp%2Fv2%2Fmedia&parent=14791"}],"curies":[{"name":"wp","href":"https:\/\/api.w.org\/{rel}","templated":true}]}}