{"id":14783,"date":"2023-02-15T18:31:36","date_gmt":"2023-02-15T17:31:36","guid":{"rendered":"http:\/\/resapac.org\/?page_id=14783"},"modified":"2025-07-02T12:58:58","modified_gmt":"2025-07-02T10:58:58","slug":"nos-acteurs-phares","status":"publish","type":"page","link":"https:\/\/resapac.org\/?page_id=14783","title":{"rendered":"Nos acteurs phares"},"content":{"rendered":"<p>[vc_row][vc_column width=&#8221;1\/2&#8243;][vc_column_text]Le <strong>R\u00e9seau Solidaire en AgroEcologie Paysanne et Citoyenne <\/strong>(RESAPAC) est un r\u00e9seau de 3 groupes d\u2019acteur.trices\u00a0: <strong>producteur.trices<\/strong>,<strong> transformateur.trices<\/strong> et <strong>consom\u2019acteur.trices<\/strong> \u0153uvrant, \u00e0 Bamako et environs puis au Mali, pour une production et une alimentation <strong>respect<\/strong>ueuses des travailleurs et travailleuses, de l\u2019<strong>environnement<\/strong> et de la <strong>sant\u00e9<\/strong>.<\/p>\n<p>Le processus mis en place tourne autour de <strong>3<\/strong> groupes d\u2019<strong>acteur.trices <\/strong>composant le r\u00e9seau et \u0153uvrant en synergie: les producteur.trices paysan\u00d7nes, les transformateur.trices et les consom\u2019acteur.trices. Chaque groupe a des attributions pr\u00e9cises pour un fonctionnement partag\u00e9 autour des Sugu Horon (les march\u00e9s). Chaque membre s\u2019engage activement selon ses disponibilit\u00e9s. Une place pr\u00e9pond\u00e9rante est donn\u00e9e \u00e0 l\u2019engagement citoyen et b\u00e9n\u00e9vole et aux \u00e9changes.[\/vc_column_text][vc_single_image image=&#8221;15272&#8243; img_size=&#8221;full&#8221;][\/vc_column][vc_column width=&#8221;1\/2&#8243;][vc_single_image image=&#8221;15416&#8243; img_size=&#8221;large&#8221;][\/vc_column][\/vc_row][vc_row][vc_column][vc_column_text]Les appuis et formations des diff\u00e9rentes productrices et transformatrices se font au cas par cas en fonction des besoins identifi\u00e9s dans le groupe d\u2019\u00e9changes. Les formations se font par des <strong>visites individualis\u00e9es<\/strong> et des \u00e9changes <strong>entre pairs<\/strong> sur des exp\u00e9riences, des conseils pratiques et des activit\u00e9s concr\u00e8tes. Une \u00e9quipe d\u2019experts en AgroEcologie contribue.<\/p>\n<p>Il sera \u00e0 consid\u00e9rer, si le besoin et la pertinence sont av\u00e9r\u00e9es, d\u2019organiser une ou plusieurs formations en session, notamment sur la reproduction des semences, le proc\u00e9d\u00e9 de s\u00e9lection des graines et le compostage.<\/p>\n<p>Lors de ces diff\u00e9rents modes d\u2019appui, les th\u00e8mes suivants sont abord\u00e9s\u00a0: la production de semences paysannes, les syst\u00e8mes alimentaires locaux, l\u2019agroforesterie, l\u2019aviculture, la restauration des sols, les cultures vivri\u00e8res, la lutte contre les ravageurs, les strat\u00e9gies pour une production annuelle. Sont aussi abord\u00e9es les questions organisationnelles telles que\u00a0: l\u2019organisation des march\u00e9s de producteurs de RESAPAC, le r\u00e9investissement des b\u00e9n\u00e9fices, la gestion et le d\u00e9veloppement de l\u2019activit\u00e9.[\/vc_column_text][vc_empty_space][\/vc_column][\/vc_row]<\/p>\n","protected":false},"excerpt":{"rendered":"<p>[vc_row][vc_column width=&#8221;1\/2&#8243;][vc_column_text]Le R\u00e9seau Solidaire en AgroEcologie Paysanne et Citoyenne (RESAPAC) est un r\u00e9seau de 3 groupes d\u2019acteur.trices\u00a0: producteur.trices, transformateur.trices et consom\u2019acteur.trices \u0153uvrant, \u00e0 Bamako et environs puis au Mali, pour [&hellip;]<\/p>\n","protected":false},"author":1,"featured_media":0,"parent":0,"menu_order":0,"comment_status":"closed","ping_status":"open","template":"","meta":{"footnotes":""},"class_list":["post-14783","page","type-page","status-publish","hentry"],"_links":{"self":[{"href":"https:\/\/resapac.org\/index.php?rest_route=\/wp\/v2\/pages\/14783","targetHints":{"allow":["GET"]}}],"collection":[{"href":"https:\/\/resapac.org\/index.php?rest_route=\/wp\/v2\/pages"}],"about":[{"href":"https:\/\/resapac.org\/index.php?rest_route=\/wp\/v2\/types\/page"}],"author":[{"embeddable":true,"href":"https:\/\/resapac.org\/index.php?rest_route=\/wp\/v2\/users\/1"}],"replies":[{"embeddable":true,"href":"https:\/\/resapac.org\/index.php?rest_route=%2Fwp%2Fv2%2Fcomments&post=14783"}],"version-history":[{"count":6,"href":"https:\/\/resapac.org\/index.php?rest_route=\/wp\/v2\/pages\/14783\/revisions"}],"predecessor-version":[{"id":15569,"href":"https:\/\/resapac.org\/index.php?rest_route=\/wp\/v2\/pages\/14783\/revisions\/15569"}],"wp:attachment":[{"href":"https:\/\/resapac.org\/index.php?rest_route=%2Fwp%2Fv2%2Fmedia&parent=14783"}],"curies":[{"name":"wp","href":"https:\/\/api.w.org\/{rel}","templated":true}]}}