{"id":14777,"date":"2023-02-15T18:20:40","date_gmt":"2023-02-15T17:20:40","guid":{"rendered":"http:\/\/resapac.org\/?page_id=14777"},"modified":"2025-07-01T19:35:35","modified_gmt":"2025-07-01T17:35:35","slug":"nos-rendez-vous","status":"publish","type":"page","link":"https:\/\/resapac.org\/?page_id=14777","title":{"rendered":"Nos rendez-vous Bio"},"content":{"rendered":"<p>[vc_row][vc_column]<div id='ins-icon-69ea0fc98548f' class='ins-float-icon-wrapper margin-20px-bottom ins-icon-box-align-left-basic   ' ><div class='ins-float-icon-inner position-relative'><i class='link-icon text-medium-gray icon-medium iconsmind-Arrow-Circle'><\/i><\/div><div class='ins-float-icon-box-content'><h6 class='ins-float-icon-box-title margin-5px-bottom title-font font-weight-500 text-large letter-spacing-1'>OBJECTIF<\/h6><div class='last-paragraph-no-margin'><p class='ins-float-icon-box-text text-large default'>Sensibiliser sur le bien manger local agro\u00e9cologique, se faire connaitre par un large public<\/p><\/div><\/div><\/div><script type=\"text\/javascript\">\n\t\t(function(jQuery) {\n\t\t\t\t\t})(jQuery);\n\t\t\t\t\t\t<\/script>[\/vc_column][\/vc_row][vc_row][vc_column][vc_column_text]<\/p>\n<h3>\u00c9v\u00e8nements<\/h3>\n<p>Exposer la dynamique RESAPAC : 1er r\u00e9seau de march\u00e9s Bio hebdo \u00e0 Bamako<\/p>\n<ul>\n<li><a href=\"https:\/\/fr-fr.facebook.com\/people\/Collectif-Bleu-Citron\/100079925306877\/\" target=\"_blank\" rel=\"noopener\">Journ\u00e9e Tr\u00e8sOrganik<\/a><\/li>\n<li>pique-nique solidaire chez un des producteur.rices,<\/li>\n<li>participation aux \u00e9v\u00e8nements d\u00e9j\u00e0 existants,<\/li>\n<li>exposition,<\/li>\n<li>d\u00e9bat,<\/li>\n<li>festival Bogo Jah de Siby<\/li>\n<\/ul>\n<p>[\/vc_column_text][vc_single_image image=&#8221;14589&#8243; img_size=&#8221;medium&#8221;][vc_column_text]<\/p>\n<h3>Animation dans les quartiers<\/h3>\n<p>Sensibiliser les habitants des quartiers sur la <strong>sant\u00e9 humaine et environnementale<\/strong> des produits de l\u2019AgroEcologie paysanne :<\/p>\n<ul>\n<li>2022. 2 animatrices font, ponctuellement, du porte-\u00e0-porte pour expliquer les bienfaits d&#8217;une alimentation saine et informer de l\u2019existence d\u2019un march\u00e9 de producteur AgroEcologique \u00e0 proximit\u00e9 de chez eux : march\u00e9s d\u2019Hippodrome et de Magnambougou.<\/li>\n<li>2024. 1 &#8220;crieur&#8221; OZO le G\u00e9nie interpelle les passants sur l\u2019int\u00e9r\u00eat du march\u00e9 Bio hebdo Magnambougou. <a href=\"https:\/\/web.facebook.com\/oumar.traore.73744801\/videos\/580781744939624\/?mibextid=rS40aB7S9Ucbxw6v&amp;_rdc=1&amp;_rdr\">https:\/\/web.facebook.com\/oumar.traore.73744801\/videos\/580781744939624\/?mibextid=rS40aB7S9Ucbxw6v&amp;_rdc=1&amp;_rdr<\/a><\/li>\n<li>2025. Radio GUINTAN : interview de la r\u00e9f\u00e9rente Transformatrice et du superviseur du march\u00e9 Bio hebdo Magnambougou.<\/li>\n<\/ul>\n<p>[\/vc_column_text][\/vc_column][\/vc_row][vc_row][vc_column][vc_column_text]<\/p>\n<h3>March\u00e9 EVENement RESAPAC<\/h3>\n<p>Sensibiliser le grand public sur la <strong>sant\u00e9 humaine et environnementale<\/strong> des produits de l\u2019AgroEcologie paysanne :<\/p>\n<ul>\n<li>2023. march\u00e9 EVEN LUX.DEV \u00e0 <strong>ACI2000<\/strong>.<\/li>\n<li>2024. march\u00e9 EVEN INPS au <strong>CICB<\/strong>.<\/li>\n<li>2025. march\u00e9 EVEN dans les agences INPS des <strong>6 communes<\/strong> de Bamako.<\/li>\n<\/ul>\n<p>[\/vc_column_text][vc_single_image image=&#8221;15436&#8243; img_size=&#8221;medium&#8221;][\/vc_column][\/vc_row]<\/p>\n","protected":false},"excerpt":{"rendered":"<p>[vc_row][vc_column][\/vc_column][\/vc_row][vc_row][vc_column][vc_column_text] \u00c9v\u00e8nements Exposer la dynamique RESAPAC : 1er r\u00e9seau de march\u00e9s Bio hebdo \u00e0 Bamako Journ\u00e9e Tr\u00e8sOrganik pique-nique solidaire chez un des producteur.rices, participation aux \u00e9v\u00e8nements d\u00e9j\u00e0 existants, exposition, d\u00e9bat, [&hellip;]<\/p>\n","protected":false},"author":1,"featured_media":0,"parent":0,"menu_order":0,"comment_status":"closed","ping_status":"open","template":"","meta":{"footnotes":""},"class_list":["post-14777","page","type-page","status-publish","hentry"],"_links":{"self":[{"href":"https:\/\/resapac.org\/index.php?rest_route=\/wp\/v2\/pages\/14777","targetHints":{"allow":["GET"]}}],"collection":[{"href":"https:\/\/resapac.org\/index.php?rest_route=\/wp\/v2\/pages"}],"about":[{"href":"https:\/\/resapac.org\/index.php?rest_route=\/wp\/v2\/types\/page"}],"author":[{"embeddable":true,"href":"https:\/\/resapac.org\/index.php?rest_route=\/wp\/v2\/users\/1"}],"replies":[{"embeddable":true,"href":"https:\/\/resapac.org\/index.php?rest_route=%2Fwp%2Fv2%2Fcomments&post=14777"}],"version-history":[{"count":12,"href":"https:\/\/resapac.org\/index.php?rest_route=\/wp\/v2\/pages\/14777\/revisions"}],"predecessor-version":[{"id":15435,"href":"https:\/\/resapac.org\/index.php?rest_route=\/wp\/v2\/pages\/14777\/revisions\/15435"}],"wp:attachment":[{"href":"https:\/\/resapac.org\/index.php?rest_route=%2Fwp%2Fv2%2Fmedia&parent=14777"}],"curies":[{"name":"wp","href":"https:\/\/api.w.org\/{rel}","templated":true}]}}