{"id":14760,"date":"2023-02-15T17:41:29","date_gmt":"2023-02-15T16:41:29","guid":{"rendered":"http:\/\/resapac.org\/?page_id=14760"},"modified":"2025-07-01T18:49:52","modified_gmt":"2025-07-01T16:49:52","slug":"nos-alternatives-bio","status":"publish","type":"page","link":"https:\/\/resapac.org\/?page_id=14760","title":{"rendered":"Nos alternatives BiO"},"content":{"rendered":"<p>[vc_row][vc_column width=&#8221;1\/2&#8243;][vc_column_text]<\/p>\r\n<div class=\"wpb_text_column wpb_content_element \">\r\n<div class=\"wpb_wrapper\">\r\n<p>Pour mieux soutenir les producteur.trices et transformateur.trices, et leur assurer de meilleures ventes hebdomadaires, une approche aupr\u00e8s de la fili\u00e8re <strong>restauration<\/strong> a d\u00e9but\u00e9 depuis 2021 :<\/p>\r\n<p>&nbsp;<\/p>\r\n<ul>\r\n<li>approvisionner la cantine d\u2019une \u00e9cole priv\u00e9e \u00ab Les Ecrivains \u00bb qui axe son programme p\u00e9dagogique sur l\u2019\u00e9cologie et sur l\u2019\u00e9co-citoyennet\u00e9<\/li>\r\n<\/ul>\r\n<p>&nbsp;<\/p>\r\n<ul>\r\n<li>approvisionner le restaurant du campement Kangaba, espace de loisirs soucieux du bien \u00eatre avec la nature<\/li>\r\n<\/ul>\r\n<p>&nbsp;<\/p>\r\n<ul>\r\n<li>d\u2019autres projets sont \u00e0 venir<\/li>\r\n<\/ul>\r\n<\/div>\r\n<\/div>\r\n<p>[\/vc_column_text][\/vc_column][vc_column width=&#8221;1\/2&#8243;][vc_single_image image=&#8221;15420&#8243; img_size=&#8221;large&#8221;][\/vc_column][\/vc_row][vc_row][vc_column][vc_empty_space][\/vc_column][\/vc_row][vc_row css=&#8221;.vc_custom_1676480480615{background-color: #fddd00 !important;}&#8221;][vc_column width=&#8221;5\/6&#8243;][vc_column_text]<\/p>\r\n<h3>Vous \u00eates responsables d\u2019une restauration collective et l\u2019AgroEcologie vous int\u00e9resse ?<\/h3>\r\n<p>[\/vc_column_text][\/vc_column][vc_column width=&#8221;1\/6&#8243; css=&#8221;.vc_custom_1676480543164{background-color: #2ca941 !important;}&#8221;]<div id='ins-button-69ea0f6612aaf' class='ins-button-wrapper text-right    ' ><a class='ins-button title-font letter-spacing-1 text-white pc-border pc-bg btn-radius-default font-weight-900 btn-small text-uppercase ' href='http:\/\/resapac.org\/wordpress\/?page_id=14868'  target='_self'><span>Contactez nous<\/span><\/a><\/div><script type=\"text\/javascript\">\n\t\t(function(jQuery) {\n\t\t\t\t\t})(jQuery);\n\t\t\t\t\t\t<\/script>[\/vc_column][\/vc_row]<\/p>","protected":false},"excerpt":{"rendered":"<p>[vc_row][vc_column width=&#8221;1\/2&#8243;][vc_column_text] Pour mieux soutenir les producteur.trices et transformateur.trices, et leur assurer de meilleures ventes hebdomadaires, une approche aupr\u00e8s de la fili\u00e8re restauration a d\u00e9but\u00e9 depuis 2021 : &nbsp; approvisionner [&hellip;]<\/p>\n","protected":false},"author":1,"featured_media":0,"parent":0,"menu_order":0,"comment_status":"closed","ping_status":"open","template":"","meta":{"footnotes":""},"class_list":["post-14760","page","type-page","status-publish","hentry"],"_links":{"self":[{"href":"https:\/\/resapac.org\/index.php?rest_route=\/wp\/v2\/pages\/14760","targetHints":{"allow":["GET"]}}],"collection":[{"href":"https:\/\/resapac.org\/index.php?rest_route=\/wp\/v2\/pages"}],"about":[{"href":"https:\/\/resapac.org\/index.php?rest_route=\/wp\/v2\/types\/page"}],"author":[{"embeddable":true,"href":"https:\/\/resapac.org\/index.php?rest_route=\/wp\/v2\/users\/1"}],"replies":[{"embeddable":true,"href":"https:\/\/resapac.org\/index.php?rest_route=%2Fwp%2Fv2%2Fcomments&post=14760"}],"version-history":[{"count":18,"href":"https:\/\/resapac.org\/index.php?rest_route=\/wp\/v2\/pages\/14760\/revisions"}],"predecessor-version":[{"id":15537,"href":"https:\/\/resapac.org\/index.php?rest_route=\/wp\/v2\/pages\/14760\/revisions\/15537"}],"wp:attachment":[{"href":"https:\/\/resapac.org\/index.php?rest_route=%2Fwp%2Fv2%2Fmedia&parent=14760"}],"curies":[{"name":"wp","href":"https:\/\/api.w.org\/{rel}","templated":true}]}}