{"id":14719,"date":"2023-02-15T16:13:04","date_gmt":"2023-02-15T15:13:04","guid":{"rendered":"http:\/\/resapac.org\/?page_id=14719"},"modified":"2025-07-03T15:16:33","modified_gmt":"2025-07-03T13:16:33","slug":"marche-bio-resapac-magnambougou","status":"publish","type":"page","link":"https:\/\/resapac.org\/?page_id=14719","title":{"rendered":"March\u00e9 Bio hebdo RESAPAC Magnambougou"},"content":{"rendered":"<p>[vc_row][vc_column width=&#8221;1\/2&#8243;][vc_column_text]<\/p>\r\n<p>A Magnambougou (commune V), \u00e0 l\u2019espace culturel KORA FILMS qui est aussi le lieu des r\u00e9unions et \u00e9v\u00e8nements RESAPAC.<\/p>\r\n\r\n<h3>Le principe est simple<\/h3>\r\n<ol>\r\n<li aria-level=\"1\">contactez par whatsapp la r\u00e9f\u00e9rente \u00ab\u00a0accueil\u00a0\u00bb<\/li>\r\n<li aria-level=\"1\">s\u2019inscrire au groupe whatsapp RESAPAC Magnambougou<\/li>\r\n<li aria-level=\"1\"><b>chaque veille du we<\/b>\u00a0: publication de la liste des produits disponibles<\/li>\r\n<li aria-level=\"1\"><b>la veille<\/b> : chacun.ne envoie sa commande<\/li>\r\n<li aria-level=\"1\"><b>samedi matin<\/b> : les produits RESAPAC sont \u00e0 disposition, et sont s\u00e9lectionn\u00e9 selon votre commande (parfois les quantit\u00e9s varient)<\/li>\r\n<li aria-level=\"1\"><b>payer sur place<\/b><\/li>\r\n<li aria-level=\"1\"><b>et profitez <\/b>du lieu pour discuter et faire connaissance<\/li>\r\n<\/ol>\r\n<p>KORA Films ouvert tous les samedis matins 10h3o \u00e0 13hoo. Voir la carte pour rep\u00e9rer la localisation \u00ab google maps \u00bb<\/p>\r\n<p>[\/vc_column_text][vc_single_image image=&#8221;15491&#8243; img_size=&#8221;large&#8221; alignment=&#8221;center&#8221;]<div class=\"ins-custom-menu-wrapper  \"><ul id=\"menu-nos-marches-bio\" class=\"menu\"><li id=\"menu-item-14924\" class=\"menu-item menu-item-type-post_type menu-item-object-page menu-item-14924\"><a href=\"https:\/\/resapac.org\/?page_id=14728\">March\u00e9 Bio hebdo RESAPAC Badalabougou<\/a><\/li>\n<li id=\"menu-item-14925\" class=\"menu-item menu-item-type-post_type menu-item-object-page menu-item-14925\"><a href=\"https:\/\/resapac.org\/?page_id=14713\">March\u00e9 Bio hebdo RESAPAC Hippodrome<\/a><\/li>\n<li id=\"menu-item-14926\" class=\"menu-item menu-item-type-post_type menu-item-object-page menu-item-14926\"><a href=\"https:\/\/resapac.org\/?page_id=14719\">March\u00e9 Bio hebdo RESAPAC Magnambougou<\/a><\/li>\n<li id=\"menu-item-14927\" class=\"menu-item menu-item-type-post_type menu-item-object-page menu-item-14927\"><a href=\"https:\/\/resapac.org\/?page_id=14708\">March\u00e9 Bio hebdo RESAPAC Sotuba<\/a><\/li>\n<li id=\"menu-item-14928\" class=\"menu-item menu-item-type-post_type menu-item-object-page menu-item-14928\"><a href=\"https:\/\/resapac.org\/?page_id=14736\">March\u00e9 Bio hebdo RESAPAC Torokorobougou<\/a><\/li>\n<\/ul><\/div>\r[\/vc_column][vc_column width=&#8221;1\/2&#8243;][vc_single_image image=&#8221;15359&#8243; img_size=&#8221;large&#8221;][vc_column_text]<\/p>\r\n<p style=\"text-align: center;\"><em>Ambiance d\u00e9tendue entre producteur et transformatrice\u00a0\u00a0\u00a0 \u00a0 \u00a0 \u00a0 \u00a0 \u00a0 \u00a0 \u00a0\u00a0 \u00a0\u00a0 \u00a0 \u00a0 \u00a0 \u00a0\u00a0\u00a0\u00a0 et les consommateurs<br \/><\/em><\/p>\r\n<p>[\/vc_column_text][vc_gmaps link=&#8221;#E-8_JTNDaWZyYW1lJTIwc3JjJTNEJTIyaHR0cHMlM0ElMkYlMkZ3d3cuZ29vZ2xlLmNvbSUyRm1hcHMlMkZlbWJlZCUzRnBiJTNEJTIxMW0xOCUyMTFtMTIlMjExbTMlMjExZDYyMjkyLjIyMTMxMDE5OTE2JTIxMmQtOC4wMTA2MzQyNDQ3NzU2NjglMjEzZDEyLjYzMDY4OTI2NjQ0NDc2MiUyMTJtMyUyMTFmMCUyMTJmMCUyMTNmMCUyMTNtMiUyMTFpMTAyNCUyMTJpNzY4JTIxNGYxMy4xJTIxM20zJTIxMW0yJTIxMXMweGU1MWQzNTBmYThhZTA3MyUyNTNBMHg5ODhlNTY2MTc5NTE3Y2VkJTIxMnNNYXJjaCUyNUMzJTI1QTklMjUyMEJpbyUyNTIwUkVTQVBBQyUyNTIwTWFnbmFtYm91Z291JTIxNWUwJTIxM20yJTIxMXNmciUyMTJzY2klMjE0djE2NzgzODA3NDQzNDglMjE1bTIlMjExc2ZyJTIxMnNjaSUyMiUyMHdpZHRoJTNEJTIyNjAwJTIyJTIwaGVpZ2h0JTNEJTIyNDUwJTIyJTIwc3R5bGUlM0QlMjJib3JkZXIlM0EwJTNCJTIyJTIwYWxsb3dmdWxsc2NyZWVuJTNEJTIyJTIyJTIwbG9hZGluZyUzRCUyMmxhenklMjIlMjByZWZlcnJlcnBvbGljeSUzRCUyMm5vLXJlZmVycmVyLXdoZW4tZG93bmdyYWRlJTIyJTNFJTNDJTJGaWZyYW1lJTNF&#8221;][vc_video link=&#8221;https:\/\/youtu.be\/O__fBy09tgw&#8221;][\/vc_column][\/vc_row]<\/p>","protected":false},"excerpt":{"rendered":"<p>[vc_row][vc_column width=&#8221;1\/2&#8243;][vc_column_text] A Magnambougou (commune V), \u00e0 l\u2019espace culturel KORA FILMS qui est aussi le lieu des r\u00e9unions et \u00e9v\u00e8nements RESAPAC. Le principe est simple contactez par whatsapp la r\u00e9f\u00e9rente [&hellip;]<\/p>\n","protected":false},"author":1,"featured_media":0,"parent":0,"menu_order":0,"comment_status":"closed","ping_status":"closed","template":"","meta":{"footnotes":""},"class_list":["post-14719","page","type-page","status-publish","hentry"],"_links":{"self":[{"href":"https:\/\/resapac.org\/index.php?rest_route=\/wp\/v2\/pages\/14719","targetHints":{"allow":["GET"]}}],"collection":[{"href":"https:\/\/resapac.org\/index.php?rest_route=\/wp\/v2\/pages"}],"about":[{"href":"https:\/\/resapac.org\/index.php?rest_route=\/wp\/v2\/types\/page"}],"author":[{"embeddable":true,"href":"https:\/\/resapac.org\/index.php?rest_route=\/wp\/v2\/users\/1"}],"replies":[{"embeddable":true,"href":"https:\/\/resapac.org\/index.php?rest_route=%2Fwp%2Fv2%2Fcomments&post=14719"}],"version-history":[{"count":22,"href":"https:\/\/resapac.org\/index.php?rest_route=\/wp\/v2\/pages\/14719\/revisions"}],"predecessor-version":[{"id":15492,"href":"https:\/\/resapac.org\/index.php?rest_route=\/wp\/v2\/pages\/14719\/revisions\/15492"}],"wp:attachment":[{"href":"https:\/\/resapac.org\/index.php?rest_route=%2Fwp%2Fv2%2Fmedia&parent=14719"}],"curies":[{"name":"wp","href":"https:\/\/api.w.org\/{rel}","templated":true}]}}